{"id":9,"date":"2026-02-11T08:44:35","date_gmt":"2026-02-11T08:44:35","guid":{"rendered":"https:\/\/lasgemelasear.rkinformatika.online\/?page_id=9"},"modified":"2026-02-12T09:25:53","modified_gmt":"2026-02-12T09:25:53","slug":"inicio","status":"publish","type":"page","link":"https:\/\/lasgemelasear.com\/en\/","title":{"rendered":"Home"},"content":{"rendered":"<div data-elementor-type=\"wp-page\" data-elementor-id=\"9\" class=\"elementor elementor-9\" data-elementor-post-type=\"page\">\n\t\t\t\t<div class=\"elementor-element elementor-element-9e8aaf6 e-flex e-con-boxed e-con e-parent\" data-id=\"9e8aaf6\" data-element_type=\"container\" data-e-type=\"container\" data-settings=\"{&quot;background_background&quot;:&quot;classic&quot;}\">\n\t\t\t\t\t<div class=\"e-con-inner\">\n\t\t\t\t\t<\/div>\n\t\t\t\t<\/div>\n\t\t<div class=\"elementor-element elementor-element-70b0c96 e-flex e-con-boxed e-con e-parent\" data-id=\"70b0c96\" data-element_type=\"container\" data-e-type=\"container\" data-settings=\"{&quot;background_background&quot;:&quot;classic&quot;}\">\n\t\t\t\t\t<div class=\"e-con-inner\">\n\t\t\t\t<div class=\"elementor-element elementor-element-77bec39 elementor-widget elementor-widget-heading\" data-id=\"77bec39\" data-element_type=\"widget\" data-e-type=\"widget\" data-widget_type=\"heading.default\">\n\t\t\t\t\t<h2 class=\"elementor-heading-title elementor-size-default\">A welcoming space where your beauty takes center stage.<\/h2>\t\t\t\t<\/div>\n\t\t\t\t\t<\/div>\n\t\t\t\t<\/div>\n\t\t<div class=\"elementor-element elementor-element-fec92c9 e-flex e-con-boxed e-con e-parent\" data-id=\"fec92c9\" data-element_type=\"container\" data-e-type=\"container\">\n\t\t\t\t\t<div class=\"e-con-inner\">\n\t\t<div class=\"elementor-element elementor-element-56335bf e-con-full e-flex e-con e-child\" data-id=\"56335bf\" data-element_type=\"container\" data-e-type=\"container\">\n\t\t\t\t<div class=\"elementor-element elementor-element-9e72a26 elementor-widget elementor-widget-image\" data-id=\"9e72a26\" data-element_type=\"widget\" data-e-type=\"widget\" data-widget_type=\"image.default\">\n\t\t\t\t\t\t\t\t\t\t\t\t\t\t\t<img fetchpriority=\"high\" decoding=\"async\" width=\"768\" height=\"1024\" src=\"https:\/\/lasgemelasear.com\/wp-content\/uploads\/2026\/02\/2-768x1024.png\" class=\"attachment-large size-large wp-image-123\" alt=\"\" srcset=\"https:\/\/lasgemelasear.com\/wp-content\/uploads\/2026\/02\/2-768x1024.png 768w, https:\/\/lasgemelasear.com\/wp-content\/uploads\/2026\/02\/2-225x300.png 225w, https:\/\/lasgemelasear.com\/wp-content\/uploads\/2026\/02\/2-1152x1536.png 1152w, https:\/\/lasgemelasear.com\/wp-content\/uploads\/2026\/02\/2-9x12.png 9w, https:\/\/lasgemelasear.com\/wp-content\/uploads\/2026\/02\/2.png 1500w\" sizes=\"(max-width: 768px) 100vw, 768px\" \/>\t\t\t\t\t\t\t\t\t\t\t\t\t\t\t<\/div>\n\t\t\t\t<\/div>\n\t\t<div class=\"elementor-element elementor-element-8851964 e-con-full e-flex e-con e-child\" data-id=\"8851964\" data-element_type=\"container\" data-e-type=\"container\">\n\t\t\t\t<div class=\"elementor-element elementor-element-31f694c elementor-widget elementor-widget-heading\" data-id=\"31f694c\" data-element_type=\"widget\" data-e-type=\"widget\" data-widget_type=\"heading.default\">\n\t\t\t\t\t<h2 class=\"elementor-heading-title elementor-size-default\">About Us<\/h2>\t\t\t\t<\/div>\n\t\t\t\t<div class=\"elementor-element elementor-element-9f80a2d elementor-widget elementor-widget-text-editor\" data-id=\"9f80a2d\" data-element_type=\"widget\" data-e-type=\"widget\" data-widget_type=\"text-editor.default\">\n\t\t\t\t\t\t\t\t\t<p>We are a unisex hair salon with a welcoming and friendly atmosphere, where our top priority is that every client feels comfortable, relaxed, and at ease. We are passionate about enhancing everyone's natural beauty, offering personalized service and paying attention to every detail.<\/p><p>We have experience in haircuts, coloring, highlights, and styling, always adapting to our clients' style and personality. Our goal is for every visit to be a pleasant experience, so you leave not only with a refreshed look but also with a smile.<\/p>\t\t\t\t\t\t\t\t<\/div>\n\t\t\t\t<div class=\"elementor-element elementor-element-12ed30d elementor-widget elementor-widget-button\" data-id=\"12ed30d\" data-element_type=\"widget\" data-e-type=\"widget\" data-widget_type=\"button.default\">\n\t\t\t\t\t\t\t\t\t\t<a class=\"elementor-button elementor-button-link elementor-size-sm\" href=\"https:\/\/lasgemelasear.com\/en\/servicios\/\">\n\t\t\t\t\t\t<span class=\"elementor-button-content-wrapper\">\n\t\t\t\t\t\t\t\t\t<span class=\"elementor-button-text\">Services<\/span>\n\t\t\t\t\t<\/span>\n\t\t\t\t\t<\/a>\n\t\t\t\t\t\t\t\t<\/div>\n\t\t\t\t<\/div>\n\t\t<div class=\"elementor-element elementor-element-b6c854d e-con-full e-flex e-con e-child\" data-id=\"b6c854d\" data-element_type=\"container\" data-e-type=\"container\">\n\t\t\t\t<div class=\"elementor-element elementor-element-839f02f elementor-widget elementor-widget-image\" data-id=\"839f02f\" data-element_type=\"widget\" data-e-type=\"widget\" data-widget_type=\"image.default\">\n\t\t\t\t\t\t\t\t\t\t\t\t\t\t\t<img decoding=\"async\" width=\"768\" height=\"1024\" src=\"https:\/\/lasgemelasear.com\/wp-content\/uploads\/2026\/02\/1-768x1024.png\" class=\"attachment-large size-large wp-image-122\" alt=\"\" srcset=\"https:\/\/lasgemelasear.com\/wp-content\/uploads\/2026\/02\/1-768x1024.png 768w, https:\/\/lasgemelasear.com\/wp-content\/uploads\/2026\/02\/1-225x300.png 225w, https:\/\/lasgemelasear.com\/wp-content\/uploads\/2026\/02\/1-1152x1536.png 1152w, https:\/\/lasgemelasear.com\/wp-content\/uploads\/2026\/02\/1-9x12.png 9w, https:\/\/lasgemelasear.com\/wp-content\/uploads\/2026\/02\/1.png 1500w\" sizes=\"(max-width: 768px) 100vw, 768px\" \/>\t\t\t\t\t\t\t\t\t\t\t\t\t\t\t<\/div>\n\t\t\t\t<\/div>\n\t\t\t\t\t<\/div>\n\t\t\t\t<\/div>\n\t\t<div class=\"elementor-element elementor-element-06fbd8b e-flex e-con-boxed e-con e-parent\" data-id=\"06fbd8b\" data-element_type=\"container\" data-e-type=\"container\" data-settings=\"{&quot;background_background&quot;:&quot;classic&quot;}\">\n\t\t\t\t\t<div class=\"e-con-inner\">\n\t\t\t\t\t<\/div>\n\t\t\t\t<\/div>\n\t\t\t\t<\/div>","protected":false},"excerpt":{"rendered":"<p>Un espacio acogedor donde tu belleza es la protagonista Sobre Nosotros Somos una peluquer\u00eda unisex con un ambiente acogedor y cercano, donde lo m\u00e1s importante es que cada cliente se sienta c\u00f3modo, relajado y en confianza. Nos apasiona realzar la belleza de cada persona, ofreciendo un servicio personalizado y cuidando cada detalle. Contamos con experiencia [&hellip;]<\/p>\n","protected":false},"author":1,"featured_media":0,"parent":0,"menu_order":0,"comment_status":"closed","ping_status":"closed","template":"elementor_canvas","meta":{"footnotes":""},"class_list":["post-9","page","type-page","status-publish","hentry"],"yoast_head":"<!-- This site is optimized with the Yoast SEO plugin v27.3 - https:\/\/yoast.com\/product\/yoast-seo-wordpress\/ -->\n<title>Inicio - Las Gemelas E A R<\/title>\n<meta name=\"robots\" content=\"index, follow, max-snippet:-1, max-image-preview:large, max-video-preview:-1\" \/>\n<link rel=\"canonical\" href=\"https:\/\/lasgemelasear.com\/en\/\" \/>\n<meta property=\"og:locale\" content=\"en_GB\" \/>\n<meta property=\"og:type\" content=\"article\" \/>\n<meta property=\"og:title\" content=\"Inicio - Las Gemelas E A R\" \/>\n<meta property=\"og:description\" content=\"Un espacio acogedor donde tu belleza es la protagonista Sobre Nosotros Somos una peluquer\u00eda unisex con un ambiente acogedor y cercano, donde lo m\u00e1s importante es que cada cliente se sienta c\u00f3modo, relajado y en confianza. Nos apasiona realzar la belleza de cada persona, ofreciendo un servicio personalizado y cuidando cada detalle. Contamos con experiencia [&hellip;]\" \/>\n<meta property=\"og:url\" content=\"https:\/\/lasgemelasear.com\/en\/\" \/>\n<meta property=\"og:site_name\" content=\"Las Gemelas E A R\" \/>\n<meta property=\"article:modified_time\" content=\"2026-02-12T09:25:53+00:00\" \/>\n<meta property=\"og:image\" content=\"https:\/\/lasgemelasear.com\/wp-content\/uploads\/2026\/02\/2.png\" \/>\n\t<meta property=\"og:image:width\" content=\"1500\" \/>\n\t<meta property=\"og:image:height\" content=\"2000\" \/>\n\t<meta property=\"og:image:type\" content=\"image\/png\" \/>\n<meta name=\"twitter:card\" content=\"summary_large_image\" \/>\n<meta name=\"twitter:label1\" content=\"Estimated reading time\" \/>\n\t<meta name=\"twitter:data1\" content=\"1 minute\" \/>\n<script type=\"application\/ld+json\" class=\"yoast-schema-graph\">{\"@context\":\"https:\\\/\\\/schema.org\",\"@graph\":[{\"@type\":\"WebPage\",\"@id\":\"https:\\\/\\\/lasgemelasear.com\\\/\",\"url\":\"https:\\\/\\\/lasgemelasear.com\\\/\",\"name\":\"Inicio - Las Gemelas E A R\",\"isPartOf\":{\"@id\":\"https:\\\/\\\/lasgemelasear.com\\\/#website\"},\"primaryImageOfPage\":{\"@id\":\"https:\\\/\\\/lasgemelasear.com\\\/#primaryimage\"},\"image\":{\"@id\":\"https:\\\/\\\/lasgemelasear.com\\\/#primaryimage\"},\"thumbnailUrl\":\"https:\\\/\\\/lasgemelasear.com\\\/wp-content\\\/uploads\\\/2026\\\/02\\\/2-768x1024.png\",\"datePublished\":\"2026-02-11T08:44:35+00:00\",\"dateModified\":\"2026-02-12T09:25:53+00:00\",\"breadcrumb\":{\"@id\":\"https:\\\/\\\/lasgemelasear.com\\\/#breadcrumb\"},\"inLanguage\":\"en-GB\",\"potentialAction\":[{\"@type\":\"ReadAction\",\"target\":[\"https:\\\/\\\/lasgemelasear.com\\\/\"]}]},{\"@type\":\"ImageObject\",\"inLanguage\":\"en-GB\",\"@id\":\"https:\\\/\\\/lasgemelasear.com\\\/#primaryimage\",\"url\":\"https:\\\/\\\/lasgemelasear.com\\\/wp-content\\\/uploads\\\/2026\\\/02\\\/2-768x1024.png\",\"contentUrl\":\"https:\\\/\\\/lasgemelasear.com\\\/wp-content\\\/uploads\\\/2026\\\/02\\\/2-768x1024.png\"},{\"@type\":\"BreadcrumbList\",\"@id\":\"https:\\\/\\\/lasgemelasear.com\\\/#breadcrumb\",\"itemListElement\":[{\"@type\":\"ListItem\",\"position\":1,\"name\":\"Portada\",\"item\":\"https:\\\/\\\/lasgemelasear.com\\\/\"},{\"@type\":\"ListItem\",\"position\":2,\"name\":\"Inicio\"}]},{\"@type\":\"WebSite\",\"@id\":\"https:\\\/\\\/lasgemelasear.com\\\/#website\",\"url\":\"https:\\\/\\\/lasgemelasear.com\\\/\",\"name\":\"Las Gemelas E A R\",\"description\":\"Peluquer\u00eda\",\"publisher\":{\"@id\":\"https:\\\/\\\/lasgemelasear.com\\\/#organization\"},\"potentialAction\":[{\"@type\":\"SearchAction\",\"target\":{\"@type\":\"EntryPoint\",\"urlTemplate\":\"https:\\\/\\\/lasgemelasear.com\\\/?s={search_term_string}\"},\"query-input\":{\"@type\":\"PropertyValueSpecification\",\"valueRequired\":true,\"valueName\":\"search_term_string\"}}],\"inLanguage\":\"en-GB\"},{\"@type\":\"Organization\",\"@id\":\"https:\\\/\\\/lasgemelasear.com\\\/#organization\",\"name\":\"Las Gemelas E A R\",\"url\":\"https:\\\/\\\/lasgemelasear.com\\\/\",\"logo\":{\"@type\":\"ImageObject\",\"inLanguage\":\"en-GB\",\"@id\":\"https:\\\/\\\/lasgemelasear.com\\\/#\\\/schema\\\/logo\\\/image\\\/\",\"url\":\"https:\\\/\\\/lasgemelasear.com\\\/wp-content\\\/uploads\\\/2026\\\/02\\\/cropped-lasgemelas202511_logo_web.png\",\"contentUrl\":\"https:\\\/\\\/lasgemelasear.com\\\/wp-content\\\/uploads\\\/2026\\\/02\\\/cropped-lasgemelas202511_logo_web.png\",\"width\":1080,\"height\":987,\"caption\":\"Las Gemelas E A R\"},\"image\":{\"@id\":\"https:\\\/\\\/lasgemelasear.com\\\/#\\\/schema\\\/logo\\\/image\\\/\"}}]}<\/script>\n<!-- \/ Yoast SEO plugin. -->","yoast_head_json":{"title":"Inicio - Las Gemelas E A R","robots":{"index":"index","follow":"follow","max-snippet":"max-snippet:-1","max-image-preview":"max-image-preview:large","max-video-preview":"max-video-preview:-1"},"canonical":"https:\/\/lasgemelasear.com\/en\/","og_locale":"en_GB","og_type":"article","og_title":"Inicio - Las Gemelas E A R","og_description":"Un espacio acogedor donde tu belleza es la protagonista Sobre Nosotros Somos una peluquer\u00eda unisex con un ambiente acogedor y cercano, donde lo m\u00e1s importante es que cada cliente se sienta c\u00f3modo, relajado y en confianza. Nos apasiona realzar la belleza de cada persona, ofreciendo un servicio personalizado y cuidando cada detalle. Contamos con experiencia [&hellip;]","og_url":"https:\/\/lasgemelasear.com\/en\/","og_site_name":"Las Gemelas E A R","article_modified_time":"2026-02-12T09:25:53+00:00","og_image":[{"width":1500,"height":2000,"url":"https:\/\/lasgemelasear.com\/wp-content\/uploads\/2026\/02\/2.png","type":"image\/png"}],"twitter_card":"summary_large_image","twitter_misc":{"Estimated reading time":"1 minute"},"schema":{"@context":"https:\/\/schema.org","@graph":[{"@type":"WebPage","@id":"https:\/\/lasgemelasear.com\/","url":"https:\/\/lasgemelasear.com\/","name":"Inicio - Las Gemelas E A R","isPartOf":{"@id":"https:\/\/lasgemelasear.com\/#website"},"primaryImageOfPage":{"@id":"https:\/\/lasgemelasear.com\/#primaryimage"},"image":{"@id":"https:\/\/lasgemelasear.com\/#primaryimage"},"thumbnailUrl":"https:\/\/lasgemelasear.com\/wp-content\/uploads\/2026\/02\/2-768x1024.png","datePublished":"2026-02-11T08:44:35+00:00","dateModified":"2026-02-12T09:25:53+00:00","breadcrumb":{"@id":"https:\/\/lasgemelasear.com\/#breadcrumb"},"inLanguage":"en-GB","potentialAction":[{"@type":"ReadAction","target":["https:\/\/lasgemelasear.com\/"]}]},{"@type":"ImageObject","inLanguage":"en-GB","@id":"https:\/\/lasgemelasear.com\/#primaryimage","url":"https:\/\/lasgemelasear.com\/wp-content\/uploads\/2026\/02\/2-768x1024.png","contentUrl":"https:\/\/lasgemelasear.com\/wp-content\/uploads\/2026\/02\/2-768x1024.png"},{"@type":"BreadcrumbList","@id":"https:\/\/lasgemelasear.com\/#breadcrumb","itemListElement":[{"@type":"ListItem","position":1,"name":"Portada","item":"https:\/\/lasgemelasear.com\/"},{"@type":"ListItem","position":2,"name":"Inicio"}]},{"@type":"WebSite","@id":"https:\/\/lasgemelasear.com\/#website","url":"https:\/\/lasgemelasear.com\/","name":"Las Gemelas E A R","description":"Peluquer\u00eda","publisher":{"@id":"https:\/\/lasgemelasear.com\/#organization"},"potentialAction":[{"@type":"SearchAction","target":{"@type":"EntryPoint","urlTemplate":"https:\/\/lasgemelasear.com\/?s={search_term_string}"},"query-input":{"@type":"PropertyValueSpecification","valueRequired":true,"valueName":"search_term_string"}}],"inLanguage":"en-GB"},{"@type":"Organization","@id":"https:\/\/lasgemelasear.com\/#organization","name":"Las Gemelas E A R","url":"https:\/\/lasgemelasear.com\/","logo":{"@type":"ImageObject","inLanguage":"en-GB","@id":"https:\/\/lasgemelasear.com\/#\/schema\/logo\/image\/","url":"https:\/\/lasgemelasear.com\/wp-content\/uploads\/2026\/02\/cropped-lasgemelas202511_logo_web.png","contentUrl":"https:\/\/lasgemelasear.com\/wp-content\/uploads\/2026\/02\/cropped-lasgemelas202511_logo_web.png","width":1080,"height":987,"caption":"Las Gemelas E A R"},"image":{"@id":"https:\/\/lasgemelasear.com\/#\/schema\/logo\/image\/"}}]}},"_links":{"self":[{"href":"https:\/\/lasgemelasear.com\/en\/wp-json\/wp\/v2\/pages\/9","targetHints":{"allow":["GET"]}}],"collection":[{"href":"https:\/\/lasgemelasear.com\/en\/wp-json\/wp\/v2\/pages"}],"about":[{"href":"https:\/\/lasgemelasear.com\/en\/wp-json\/wp\/v2\/types\/page"}],"author":[{"embeddable":true,"href":"https:\/\/lasgemelasear.com\/en\/wp-json\/wp\/v2\/users\/1"}],"replies":[{"embeddable":true,"href":"https:\/\/lasgemelasear.com\/en\/wp-json\/wp\/v2\/comments?post=9"}],"version-history":[{"count":76,"href":"https:\/\/lasgemelasear.com\/en\/wp-json\/wp\/v2\/pages\/9\/revisions"}],"predecessor-version":[{"id":253,"href":"https:\/\/lasgemelasear.com\/en\/wp-json\/wp\/v2\/pages\/9\/revisions\/253"}],"wp:attachment":[{"href":"https:\/\/lasgemelasear.com\/en\/wp-json\/wp\/v2\/media?parent=9"}],"curies":[{"name":"wp","href":"https:\/\/api.w.org\/{rel}","templated":true}]}}